{"id":5195,"date":"2016-04-01T15:07:57","date_gmt":"2016-04-01T15:07:57","guid":{"rendered":"http:\/\/www.hoodthemes.com\/hood\/?page_id=5195"},"modified":"2022-10-13T20:49:17","modified_gmt":"2022-10-13T20:49:17","slug":"about-us","status":"publish","type":"page","link":"https:\/\/brisasdelpacificoladrilleros.com\/home\/?page_id=5195","title":{"rendered":"Sobre Nosotros"},"content":{"rendered":"<p>[vc_row gap=&#8221;35&#8243; padding_top=&#8221;60px&#8221; padding_bottom=&#8221;30px&#8221; css=&#8221;.vc_custom_1469444880858{padding-top: 30px !important;padding-bottom: 30px !important;}&#8221;][vc_column width=&#8221;1\/2&#8243;]<div id=\"ult-carousel-200806687369f42a8bddbc5\" class=\"ult-carousel-wrapper   ult_horizontal\" data-gutter=\"\" data-rtl=\"false\" ><div class=\"ult-carousel-159457221769f42a8bdc8ca \" >[vc_single_image image=&#8221;9607&#8243; img_size=&#8221;full&#8221;][vc_single_image image=&#8221;9604&#8243; img_size=&#8221;full&#8221;][vc_single_image image=&#8221;9572&#8243; img_size=&#8221;full&#8221;][vc_single_image image=&#8221;9416&#8243; img_size=&#8221;full&#8221;]<\/div><\/div>\t\t\t<script type=\"text\/javascript\">\r\n\t\t\t\tjQuery(document).ready(function ($) {\r\n\t\t\t\t\tif( typeof jQuery('.ult-carousel-159457221769f42a8bdc8ca').slick == \"function\"){\r\n\t\t\t\t\t\t$('.ult-carousel-159457221769f42a8bdc8ca').slick({dots: false,autoplay: true,autoplaySpeed: 3500,speed: 300,infinite: true,arrows: true,nextArrow: '<button type=\"button\" role=\"button\" aria-label=\"Next\" style=\"color:#ffffff; font-size:20px;background:#3083c9;\" class=\"slick-next square-bg\"><i class=\"ultsl-arrow-right4\"><\/i><\/button>',prevArrow: '<button type=\"button\" role=\"button\" aria-label=\"Previous\" style=\"color:#ffffff; font-size:20px;background:#3083c9;\" class=\"slick-prev square-bg\"><i class=\"ultsl-arrow-left4\"><\/i><\/button>',slidesToScroll:1,slidesToShow:1,swipe: true,draggable: true,touchMove: true,pauseOnHover: true,pauseOnFocus: false,adaptiveHeight: true,responsive: [\r\n\t\t\t\t\t\t\t{\r\n\t\t\t\t\t\t\t  breakpoint: 1026,\r\n\t\t\t\t\t\t\t  settings: {\r\n\t\t\t\t\t\t\t\tslidesToShow: 1,\r\n\t\t\t\t\t\t\t\tslidesToScroll: 1,  \r\n\t\t\t\t\t\t\t  }\r\n\t\t\t\t\t\t\t},\r\n\t\t\t\t\t\t\t{\r\n\t\t\t\t\t\t\t  breakpoint: 1025,\r\n\t\t\t\t\t\t\t  settings: {\r\n\t\t\t\t\t\t\t\tslidesToShow: 1,\r\n\t\t\t\t\t\t\t\tslidesToScroll: 1\r\n\t\t\t\t\t\t\t  }\r\n\t\t\t\t\t\t\t},\r\n\t\t\t\t\t\t\t{\r\n\t\t\t\t\t\t\t  breakpoint: 760,\r\n\t\t\t\t\t\t\t  settings: {\r\n\t\t\t\t\t\t\t\tslidesToShow: 1,\r\n\t\t\t\t\t\t\t\tslidesToScroll: 1\r\n\t\t\t\t\t\t\t  }\r\n\t\t\t\t\t\t\t}\r\n\t\t\t\t\t\t],pauseOnDotsHover: true,customPaging: function(slider, i) {\r\n                   return '<i type=\"button\" style= \"color:#333333;\" class=\"ultsl-record\" data-role=\"none\"><\/i>';\r\n                },});\r\n\t\t\t\t\t}\r\n\t\t\t\t});\r\n\t\t\t<\/script>\r\n\t\t\t[\/vc_column][vc_column width=&#8221;1\/2&#8243;]<div id=\"ultimate-heading-715869f42a8bddc05\" class=\"uvc-heading ult-adjust-bottom-margin ultimate-heading-715869f42a8bddc05 uvc-1443 \" data-hspacer=\"no_spacer\"  data-halign=\"left\" style=\"text-align:left\"><div class=\"uvc-heading-spacer no_spacer\" style=\"top\"><\/div><div class=\"uvc-main-heading ult-responsive\"  data-ultimate-target='.uvc-heading.ultimate-heading-715869f42a8bddc05 h2'  data-responsive-json-new='{\"font-size\":\"desktop:25px;\",\"line-height\":\"\"}' ><h2 style=\"font-weight:normal;\">Hotel Brisas del Pac\u00edfico<\/h2><\/div><\/div><div class=\"ult-spacer spacer-69f42a8bddc22\" data-id=\"69f42a8bddc22\" data-height=\"20\" data-height-mobile=\"20\" data-height-tab=\"20\" data-height-tab-portrait=\"\" data-height-mobile-landscape=\"\" style=\"clear:both;display:block;\"><\/div>[vc_column_text]<\/p>\n<p class=\"textocont\"><span style=\"color: #424242;\"><span style=\"color: #000000;\">Hotel-Caba\u00f1as Brisas del Pacifico, es un lugar dise\u00f1ado pensando en la comodidad de nuestros hu\u00e9spedes, que llegan a las hermosas playas de ladrilleros con la intenci\u00f3n de disfrutar de lugares paradis\u00edacos propios de nuestra costa pacifica.<br \/>\nLas Habitaciones son tipo caba\u00f1a en madera machimbrada brindando un ambiente campestre.<\/span><\/span><\/p>\n<p>Cada una de nuestras caba\u00f1as cuenta con televisor , ventilador , confortables camarotes y camas , ba\u00f1os y duchas totalmente independiente , zonas verdes , restaurante. piscina y televisi\u00f3n por cable .<br \/>\nPara el deleite de nuestros visitantes brindamos los mejores platos t\u00edpicos de la costa pacifica .<\/p>\n<p><b>MISI\u00d3N<\/b><br \/>\nIncentivar el turismo de Buenaventura a nivel nacional e internacional, presentando un servicio \u00f3ptimo de hoteler\u00eda, turismo y eco turismo. Contando con el Hotel Brisas del Pacifico, el mejor sitio de esparcimiento, recreaci\u00f3n mar\u00edtima y eco tur\u00edstica, por eso somos los n\u00famero Uno en el Pac\u00edfico Vallecaucano.<\/p>\n<p><span style=\"color: #424242;\"><span style=\"color: #000000;\"><b>VISI\u00d3N<\/b><br \/>\nSer el n\u00famero Uno en el Pac\u00edfico colombiano, en recreaci\u00f3n, hoteler\u00eda, turismo y ecoturismo, ofreciendo un excelente servicio tanto a nivel nacional como internacional; logrando ser los mejores en la prestaci\u00f3n del servicio y as\u00ed participar en el desarrollo integral del ser humano, aprovechando los recursos naturales que el Hotel Brisas del Pac\u00edfico ofrece.\u00a0<\/span><\/span>[\/vc_column_text][\/vc_column][\/vc_row]<\/p>\n","protected":false},"excerpt":{"rendered":"<p>[vc_row gap=&#8221;35&#8243; padding_top=&#8221;60px&#8221; padding_bottom=&#8221;30px&#8221; css=&#8221;.vc_custom_1469444880858{padding-top: 30px !important;padding-bottom: 30px !important;}&#8221;][vc_column width=&#8221;1\/2&#8243;][\/vc_column][vc_column width=&#8221;1\/2&#8243;][vc_column_text] Hotel-Caba\u00f1as Brisas del Pacifico, es un lugar dise\u00f1ado pensando en la comodidad de nuestros hu\u00e9spedes, que llegan a las hermosas playas de ladrilleros con la intenci\u00f3n de disfrutar de lugares paradis\u00edacos propios de nuestra costa pacifica. Las Habitaciones son tipo caba\u00f1a en madera machimbrada [&hellip;]<\/p>\n","protected":false},"author":1,"featured_media":0,"parent":0,"menu_order":0,"comment_status":"closed","ping_status":"closed","template":"","meta":{"footnotes":""},"class_list":["post-5195","page","type-page","status-publish","hentry"],"_links":{"self":[{"href":"https:\/\/brisasdelpacificoladrilleros.com\/home\/index.php?rest_route=\/wp\/v2\/pages\/5195","targetHints":{"allow":["GET"]}}],"collection":[{"href":"https:\/\/brisasdelpacificoladrilleros.com\/home\/index.php?rest_route=\/wp\/v2\/pages"}],"about":[{"href":"https:\/\/brisasdelpacificoladrilleros.com\/home\/index.php?rest_route=\/wp\/v2\/types\/page"}],"author":[{"embeddable":true,"href":"https:\/\/brisasdelpacificoladrilleros.com\/home\/index.php?rest_route=\/wp\/v2\/users\/1"}],"replies":[{"embeddable":true,"href":"https:\/\/brisasdelpacificoladrilleros.com\/home\/index.php?rest_route=%2Fwp%2Fv2%2Fcomments&post=5195"}],"version-history":[{"count":3,"href":"https:\/\/brisasdelpacificoladrilleros.com\/home\/index.php?rest_route=\/wp\/v2\/pages\/5195\/revisions"}],"predecessor-version":[{"id":9621,"href":"https:\/\/brisasdelpacificoladrilleros.com\/home\/index.php?rest_route=\/wp\/v2\/pages\/5195\/revisions\/9621"}],"wp:attachment":[{"href":"https:\/\/brisasdelpacificoladrilleros.com\/home\/index.php?rest_route=%2Fwp%2Fv2%2Fmedia&parent=5195"}],"curies":[{"name":"wp","href":"https:\/\/api.w.org\/{rel}","templated":true}]}}