{"id":9473,"date":"2020-01-23T16:02:45","date_gmt":"2020-01-23T16:02:45","guid":{"rendered":"http:\/\/brisasdelpacificoladrilleros.com\/home\/?page_id=9473"},"modified":"2020-01-23T16:05:01","modified_gmt":"2020-01-23T16:05:01","slug":"actividades","status":"publish","type":"page","link":"https:\/\/brisasdelpacificoladrilleros.com\/home\/?page_id=9473","title":{"rendered":"ACTIVIDADES"},"content":{"rendered":"<p>&nbsp;<\/p>\n<p class=\"textocont\"><span style=\"color: #333333;\"><strong>Nuestras\u00a0<\/strong><b>Actividades<\/b>.<\/span><\/p>\n<p class=\"textocont\"><span style=\"color: #333333;\">Hotel-Caba\u00f1as Brisas del Pacifico, es un lugar dise\u00f1ado pensando en la comodidad de nuestros hu\u00e9spedes, que llegan a las hermosas playas de ladrilleros con la intenci\u00f3n de disfrutar de lugares paradis\u00edacos propios de nuestra costa pacifica.<br \/>\nLas Habitaciones son tipo caba\u00f1a en madera machimbrada brindando un ambiente campestre.<\/span><\/p>\n<p><span style=\"color: #333333;\">Cada una de nuestras caba\u00f1as cuenta con televisor , ventilador , confortables camarotes y camas , ba\u00f1os y duchas totalmente independiente , zonas verdes , restaurante. piscina y televisi\u00f3n por cable .<\/span><\/p>\n<p><span style=\"color: #333333;\"><b>Nuestra Oferta Comprende:<\/b><\/span><\/p>\n<p><span style=\"color: #333333;\">1. Paseo a Playa Ladrilleros<\/span><br \/>\n<span style=\"color: #333333;\">2. Paseo a Muelle Turistico Juanchaco<\/span><br \/>\n<span style=\"color: #333333;\">3. Paseo a Cascada la Sierpe.<\/span><br \/>\n<span style=\"color: #333333;\">4. Paseo a manglares, esteros, playa la barra y piscinas naturales<\/span><br \/>\n<span style=\"color: #333333;\">5. Playas chucheros y la sierpe: hermosas cascadas de agua dulce que conectan con el mar.<\/span><br \/>\n<span style=\"color: #333333;\">6. Avistamiento de ballenas: temporada de julio hasta octubre donde llegan las ballenas jorobadas o yubartas que vienen a nuestras calidas aguas del pacifico a aparearse y a tener sus crias. 7. Contamos con un gu\u00eda experto para realizar estos paseos ecol\u00f3gicos y transporte ida y regreso Buenaventura \u2013 Ladrilleros. (En lancha)<\/span><br \/>\n<span style=\"color: #333333;\">8. Paseo en kayaks<\/span><\/p>\n<p class=\"textocont\"><span style=\"color: #333333;\"> <img loading=\"lazy\" decoding=\"async\" class=\"alignnone size-medium wp-image-9474\" src=\"http:\/\/brisasdelpacificoladrilleros.com\/home\/wp-content\/uploads\/2020\/01\/WhatsApp-Image-2020-01-15-at-11.53.17-AM-300x225.jpeg\" alt=\"\" width=\"300\" height=\"225\" srcset=\"https:\/\/brisasdelpacificoladrilleros.com\/home\/wp-content\/uploads\/2020\/01\/WhatsApp-Image-2020-01-15-at-11.53.17-AM-300x225.jpeg 300w, https:\/\/brisasdelpacificoladrilleros.com\/home\/wp-content\/uploads\/2020\/01\/WhatsApp-Image-2020-01-15-at-11.53.17-AM-1024x768.jpeg 1024w, https:\/\/brisasdelpacificoladrilleros.com\/home\/wp-content\/uploads\/2020\/01\/WhatsApp-Image-2020-01-15-at-11.53.17-AM-768x576.jpeg 768w, https:\/\/brisasdelpacificoladrilleros.com\/home\/wp-content\/uploads\/2020\/01\/WhatsApp-Image-2020-01-15-at-11.53.17-AM-600x450.jpeg 600w, https:\/\/brisasdelpacificoladrilleros.com\/home\/wp-content\/uploads\/2020\/01\/WhatsApp-Image-2020-01-15-at-11.53.17-AM.jpeg 1280w\" sizes=\"auto, (max-width: 300px) 100vw, 300px\" \/><img loading=\"lazy\" decoding=\"async\" class=\"alignnone size-medium wp-image-9475\" src=\"http:\/\/brisasdelpacificoladrilleros.com\/home\/wp-content\/uploads\/2020\/01\/WhatsApp-Image-2020-01-15-at-11.53.27-AM-300x225.jpeg\" alt=\"\" width=\"300\" height=\"225\" srcset=\"https:\/\/brisasdelpacificoladrilleros.com\/home\/wp-content\/uploads\/2020\/01\/WhatsApp-Image-2020-01-15-at-11.53.27-AM-300x225.jpeg 300w, https:\/\/brisasdelpacificoladrilleros.com\/home\/wp-content\/uploads\/2020\/01\/WhatsApp-Image-2020-01-15-at-11.53.27-AM-1024x768.jpeg 1024w, https:\/\/brisasdelpacificoladrilleros.com\/home\/wp-content\/uploads\/2020\/01\/WhatsApp-Image-2020-01-15-at-11.53.27-AM-768x576.jpeg 768w, https:\/\/brisasdelpacificoladrilleros.com\/home\/wp-content\/uploads\/2020\/01\/WhatsApp-Image-2020-01-15-at-11.53.27-AM-600x450.jpeg 600w, https:\/\/brisasdelpacificoladrilleros.com\/home\/wp-content\/uploads\/2020\/01\/WhatsApp-Image-2020-01-15-at-11.53.27-AM.jpeg 1280w\" sizes=\"auto, (max-width: 300px) 100vw, 300px\" \/><img loading=\"lazy\" decoding=\"async\" class=\"alignnone size-medium wp-image-9476\" src=\"http:\/\/brisasdelpacificoladrilleros.com\/home\/wp-content\/uploads\/2020\/01\/WhatsApp-Image-2020-01-15-at-11.58.20-AM-300x225.jpeg\" alt=\"\" width=\"300\" height=\"225\" srcset=\"https:\/\/brisasdelpacificoladrilleros.com\/home\/wp-content\/uploads\/2020\/01\/WhatsApp-Image-2020-01-15-at-11.58.20-AM-300x225.jpeg 300w, https:\/\/brisasdelpacificoladrilleros.com\/home\/wp-content\/uploads\/2020\/01\/WhatsApp-Image-2020-01-15-at-11.58.20-AM-1024x768.jpeg 1024w, https:\/\/brisasdelpacificoladrilleros.com\/home\/wp-content\/uploads\/2020\/01\/WhatsApp-Image-2020-01-15-at-11.58.20-AM-768x576.jpeg 768w, https:\/\/brisasdelpacificoladrilleros.com\/home\/wp-content\/uploads\/2020\/01\/WhatsApp-Image-2020-01-15-at-11.58.20-AM-600x450.jpeg 600w, https:\/\/brisasdelpacificoladrilleros.com\/home\/wp-content\/uploads\/2020\/01\/WhatsApp-Image-2020-01-15-at-11.58.20-AM.jpeg 1280w\" sizes=\"auto, (max-width: 300px) 100vw, 300px\" \/><img loading=\"lazy\" decoding=\"async\" class=\"alignnone size-medium wp-image-9477\" src=\"http:\/\/brisasdelpacificoladrilleros.com\/home\/wp-content\/uploads\/2020\/01\/WhatsApp-Image-2020-01-15-at-11.58.21-AM-300x225.jpeg\" alt=\"\" width=\"300\" height=\"225\" srcset=\"https:\/\/brisasdelpacificoladrilleros.com\/home\/wp-content\/uploads\/2020\/01\/WhatsApp-Image-2020-01-15-at-11.58.21-AM-300x225.jpeg 300w, https:\/\/brisasdelpacificoladrilleros.com\/home\/wp-content\/uploads\/2020\/01\/WhatsApp-Image-2020-01-15-at-11.58.21-AM-1024x768.jpeg 1024w, https:\/\/brisasdelpacificoladrilleros.com\/home\/wp-content\/uploads\/2020\/01\/WhatsApp-Image-2020-01-15-at-11.58.21-AM-768x576.jpeg 768w, https:\/\/brisasdelpacificoladrilleros.com\/home\/wp-content\/uploads\/2020\/01\/WhatsApp-Image-2020-01-15-at-11.58.21-AM-600x450.jpeg 600w, https:\/\/brisasdelpacificoladrilleros.com\/home\/wp-content\/uploads\/2020\/01\/WhatsApp-Image-2020-01-15-at-11.58.21-AM.jpeg 1280w\" sizes=\"auto, (max-width: 300px) 100vw, 300px\" \/><img loading=\"lazy\" decoding=\"async\" class=\"alignnone size-medium wp-image-9478\" src=\"http:\/\/brisasdelpacificoladrilleros.com\/home\/wp-content\/uploads\/2020\/01\/WhatsApp-Image-2020-01-15-at-12.05.25-PM-300x225.jpeg\" alt=\"\" width=\"300\" height=\"225\" srcset=\"https:\/\/brisasdelpacificoladrilleros.com\/home\/wp-content\/uploads\/2020\/01\/WhatsApp-Image-2020-01-15-at-12.05.25-PM-300x225.jpeg 300w, https:\/\/brisasdelpacificoladrilleros.com\/home\/wp-content\/uploads\/2020\/01\/WhatsApp-Image-2020-01-15-at-12.05.25-PM-1024x768.jpeg 1024w, https:\/\/brisasdelpacificoladrilleros.com\/home\/wp-content\/uploads\/2020\/01\/WhatsApp-Image-2020-01-15-at-12.05.25-PM-768x576.jpeg 768w, https:\/\/brisasdelpacificoladrilleros.com\/home\/wp-content\/uploads\/2020\/01\/WhatsApp-Image-2020-01-15-at-12.05.25-PM-600x450.jpeg 600w, https:\/\/brisasdelpacificoladrilleros.com\/home\/wp-content\/uploads\/2020\/01\/WhatsApp-Image-2020-01-15-at-12.05.25-PM.jpeg 1152w\" sizes=\"auto, (max-width: 300px) 100vw, 300px\" \/><img loading=\"lazy\" decoding=\"async\" class=\"alignnone size-medium wp-image-9479\" src=\"http:\/\/brisasdelpacificoladrilleros.com\/home\/wp-content\/uploads\/2020\/01\/WhatsApp-Image-2020-01-15-at-12.09.15-PM-300x225.jpeg\" alt=\"\" width=\"300\" height=\"225\" srcset=\"https:\/\/brisasdelpacificoladrilleros.com\/home\/wp-content\/uploads\/2020\/01\/WhatsApp-Image-2020-01-15-at-12.09.15-PM-300x225.jpeg 300w, https:\/\/brisasdelpacificoladrilleros.com\/home\/wp-content\/uploads\/2020\/01\/WhatsApp-Image-2020-01-15-at-12.09.15-PM-1024x768.jpeg 1024w, https:\/\/brisasdelpacificoladrilleros.com\/home\/wp-content\/uploads\/2020\/01\/WhatsApp-Image-2020-01-15-at-12.09.15-PM-768x576.jpeg 768w, https:\/\/brisasdelpacificoladrilleros.com\/home\/wp-content\/uploads\/2020\/01\/WhatsApp-Image-2020-01-15-at-12.09.15-PM-600x450.jpeg 600w, https:\/\/brisasdelpacificoladrilleros.com\/home\/wp-content\/uploads\/2020\/01\/WhatsApp-Image-2020-01-15-at-12.09.15-PM.jpeg 1280w\" sizes=\"auto, (max-width: 300px) 100vw, 300px\" \/><img loading=\"lazy\" decoding=\"async\" class=\"alignnone size-medium wp-image-9480\" src=\"http:\/\/brisasdelpacificoladrilleros.com\/home\/wp-content\/uploads\/2020\/01\/WhatsApp-Image-2020-01-15-at-12.09.18-PM-300x225.jpeg\" alt=\"\" width=\"300\" height=\"225\" srcset=\"https:\/\/brisasdelpacificoladrilleros.com\/home\/wp-content\/uploads\/2020\/01\/WhatsApp-Image-2020-01-15-at-12.09.18-PM-300x225.jpeg 300w, https:\/\/brisasdelpacificoladrilleros.com\/home\/wp-content\/uploads\/2020\/01\/WhatsApp-Image-2020-01-15-at-12.09.18-PM-1024x768.jpeg 1024w, https:\/\/brisasdelpacificoladrilleros.com\/home\/wp-content\/uploads\/2020\/01\/WhatsApp-Image-2020-01-15-at-12.09.18-PM-768x576.jpeg 768w, https:\/\/brisasdelpacificoladrilleros.com\/home\/wp-content\/uploads\/2020\/01\/WhatsApp-Image-2020-01-15-at-12.09.18-PM-600x450.jpeg 600w, https:\/\/brisasdelpacificoladrilleros.com\/home\/wp-content\/uploads\/2020\/01\/WhatsApp-Image-2020-01-15-at-12.09.18-PM.jpeg 1280w\" sizes=\"auto, (max-width: 300px) 100vw, 300px\" \/><img loading=\"lazy\" decoding=\"async\" class=\"alignnone size-medium wp-image-9482\" src=\"http:\/\/brisasdelpacificoladrilleros.com\/home\/wp-content\/uploads\/2020\/01\/WhatsApp-Image-2020-01-15-at-12.10.48-PM-300x225.jpeg\" alt=\"\" width=\"300\" height=\"225\" srcset=\"https:\/\/brisasdelpacificoladrilleros.com\/home\/wp-content\/uploads\/2020\/01\/WhatsApp-Image-2020-01-15-at-12.10.48-PM-300x225.jpeg 300w, https:\/\/brisasdelpacificoladrilleros.com\/home\/wp-content\/uploads\/2020\/01\/WhatsApp-Image-2020-01-15-at-12.10.48-PM-1024x768.jpeg 1024w, https:\/\/brisasdelpacificoladrilleros.com\/home\/wp-content\/uploads\/2020\/01\/WhatsApp-Image-2020-01-15-at-12.10.48-PM-768x576.jpeg 768w, https:\/\/brisasdelpacificoladrilleros.com\/home\/wp-content\/uploads\/2020\/01\/WhatsApp-Image-2020-01-15-at-12.10.48-PM-600x450.jpeg 600w, https:\/\/brisasdelpacificoladrilleros.com\/home\/wp-content\/uploads\/2020\/01\/WhatsApp-Image-2020-01-15-at-12.10.48-PM.jpeg 1280w\" sizes=\"auto, (max-width: 300px) 100vw, 300px\" \/><img loading=\"lazy\" decoding=\"async\" class=\"alignnone size-medium wp-image-9483\" src=\"http:\/\/brisasdelpacificoladrilleros.com\/home\/wp-content\/uploads\/2020\/01\/WhatsApp-Image-2020-01-15-at-12.11.20-PM-1-300x225.jpeg\" alt=\"\" width=\"300\" height=\"225\" srcset=\"https:\/\/brisasdelpacificoladrilleros.com\/home\/wp-content\/uploads\/2020\/01\/WhatsApp-Image-2020-01-15-at-12.11.20-PM-1-300x225.jpeg 300w, https:\/\/brisasdelpacificoladrilleros.com\/home\/wp-content\/uploads\/2020\/01\/WhatsApp-Image-2020-01-15-at-12.11.20-PM-1-1024x768.jpeg 1024w, https:\/\/brisasdelpacificoladrilleros.com\/home\/wp-content\/uploads\/2020\/01\/WhatsApp-Image-2020-01-15-at-12.11.20-PM-1-768x576.jpeg 768w, https:\/\/brisasdelpacificoladrilleros.com\/home\/wp-content\/uploads\/2020\/01\/WhatsApp-Image-2020-01-15-at-12.11.20-PM-1-600x450.jpeg 600w, https:\/\/brisasdelpacificoladrilleros.com\/home\/wp-content\/uploads\/2020\/01\/WhatsApp-Image-2020-01-15-at-12.11.20-PM-1.jpeg 1280w\" sizes=\"auto, (max-width: 300px) 100vw, 300px\" \/><img loading=\"lazy\" decoding=\"async\" class=\"alignnone size-medium wp-image-9484\" src=\"http:\/\/brisasdelpacificoladrilleros.com\/home\/wp-content\/uploads\/2020\/01\/WhatsApp-Image-2020-01-15-at-12.16.45-PM-300x225.jpeg\" alt=\"\" width=\"300\" height=\"225\" srcset=\"https:\/\/brisasdelpacificoladrilleros.com\/home\/wp-content\/uploads\/2020\/01\/WhatsApp-Image-2020-01-15-at-12.16.45-PM-300x225.jpeg 300w, https:\/\/brisasdelpacificoladrilleros.com\/home\/wp-content\/uploads\/2020\/01\/WhatsApp-Image-2020-01-15-at-12.16.45-PM-1024x768.jpeg 1024w, https:\/\/brisasdelpacificoladrilleros.com\/home\/wp-content\/uploads\/2020\/01\/WhatsApp-Image-2020-01-15-at-12.16.45-PM-768x576.jpeg 768w, https:\/\/brisasdelpacificoladrilleros.com\/home\/wp-content\/uploads\/2020\/01\/WhatsApp-Image-2020-01-15-at-12.16.45-PM-600x450.jpeg 600w, https:\/\/brisasdelpacificoladrilleros.com\/home\/wp-content\/uploads\/2020\/01\/WhatsApp-Image-2020-01-15-at-12.16.45-PM.jpeg 1280w\" sizes=\"auto, (max-width: 300px) 100vw, 300px\" \/><img loading=\"lazy\" decoding=\"async\" class=\"alignnone size-medium wp-image-9485\" src=\"http:\/\/brisasdelpacificoladrilleros.com\/home\/wp-content\/uploads\/2020\/01\/WhatsApp-Image-2020-01-15-at-12.17.45-PM-300x225.jpeg\" alt=\"\" width=\"300\" height=\"225\" srcset=\"https:\/\/brisasdelpacificoladrilleros.com\/home\/wp-content\/uploads\/2020\/01\/WhatsApp-Image-2020-01-15-at-12.17.45-PM-300x225.jpeg 300w, https:\/\/brisasdelpacificoladrilleros.com\/home\/wp-content\/uploads\/2020\/01\/WhatsApp-Image-2020-01-15-at-12.17.45-PM-1024x768.jpeg 1024w, https:\/\/brisasdelpacificoladrilleros.com\/home\/wp-content\/uploads\/2020\/01\/WhatsApp-Image-2020-01-15-at-12.17.45-PM-768x576.jpeg 768w, https:\/\/brisasdelpacificoladrilleros.com\/home\/wp-content\/uploads\/2020\/01\/WhatsApp-Image-2020-01-15-at-12.17.45-PM-600x450.jpeg 600w, https:\/\/brisasdelpacificoladrilleros.com\/home\/wp-content\/uploads\/2020\/01\/WhatsApp-Image-2020-01-15-at-12.17.45-PM.jpeg 1152w\" sizes=\"auto, (max-width: 300px) 100vw, 300px\" \/><\/span><\/p>\n<p><span style=\"color: #333333;\">Para el deleite de nuestros visitantes brindamos los mejores platos t\u00edpicos de la costa pacifica .<\/span><\/p>\n","protected":false},"excerpt":{"rendered":"<p>&nbsp; Nuestras\u00a0Actividades. Hotel-Caba\u00f1as Brisas del Pacifico, es un lugar dise\u00f1ado pensando en la comodidad de nuestros hu\u00e9spedes, que llegan a las hermosas playas de ladrilleros con la intenci\u00f3n de disfrutar de lugares paradis\u00edacos propios de nuestra costa pacifica. Las Habitaciones son tipo caba\u00f1a en madera machimbrada brindando un ambiente campestre. Cada una de nuestras caba\u00f1as [&hellip;]<\/p>\n","protected":false},"author":1,"featured_media":0,"parent":0,"menu_order":0,"comment_status":"closed","ping_status":"closed","template":"","meta":{"footnotes":""},"class_list":["post-9473","page","type-page","status-publish","hentry"],"_links":{"self":[{"href":"https:\/\/brisasdelpacificoladrilleros.com\/home\/index.php?rest_route=\/wp\/v2\/pages\/9473","targetHints":{"allow":["GET"]}}],"collection":[{"href":"https:\/\/brisasdelpacificoladrilleros.com\/home\/index.php?rest_route=\/wp\/v2\/pages"}],"about":[{"href":"https:\/\/brisasdelpacificoladrilleros.com\/home\/index.php?rest_route=\/wp\/v2\/types\/page"}],"author":[{"embeddable":true,"href":"https:\/\/brisasdelpacificoladrilleros.com\/home\/index.php?rest_route=\/wp\/v2\/users\/1"}],"replies":[{"embeddable":true,"href":"https:\/\/brisasdelpacificoladrilleros.com\/home\/index.php?rest_route=%2Fwp%2Fv2%2Fcomments&post=9473"}],"version-history":[{"count":4,"href":"https:\/\/brisasdelpacificoladrilleros.com\/home\/index.php?rest_route=\/wp\/v2\/pages\/9473\/revisions"}],"predecessor-version":[{"id":9490,"href":"https:\/\/brisasdelpacificoladrilleros.com\/home\/index.php?rest_route=\/wp\/v2\/pages\/9473\/revisions\/9490"}],"wp:attachment":[{"href":"https:\/\/brisasdelpacificoladrilleros.com\/home\/index.php?rest_route=%2Fwp%2Fv2%2Fmedia&parent=9473"}],"curies":[{"name":"wp","href":"https:\/\/api.w.org\/{rel}","templated":true}]}}