{"id":9491,"date":"2020-01-23T16:07:39","date_gmt":"2020-01-23T16:07:39","guid":{"rendered":"http:\/\/brisasdelpacificoladrilleros.com\/home\/?page_id=9491"},"modified":"2022-10-13T20:52:40","modified_gmt":"2022-10-13T20:52:40","slug":"servicios","status":"publish","type":"page","link":"https:\/\/brisasdelpacificoladrilleros.com\/home\/?page_id=9491","title":{"rendered":"SERVICIOS"},"content":{"rendered":"<p>[vc_row][vc_column][vc_column_text]<\/p>\n<p class=\"textocont\"><span style=\"color: #000000;\"><strong><br \/>\nNuestros\u00a0<\/strong><b>Servicios<\/b>.<\/span><\/p>\n<p class=\"textocont\"><span style=\"color: #424242;\"><span style=\"color: #000000;\">Hotel-Caba\u00f1as Brisas del Pacifico, es un lugar dise\u00f1ado pensando en la comodidad de nuestros hu\u00e9spedes, que llegan a las hermosas playas de ladrilleros con la intenci\u00f3n de disfrutar de lugares paradis\u00edacos propios de nuestra costa pacifica.<br \/>\nLas Habitaciones son tipo caba\u00f1a en madera machimbrada brindando un ambiente campestre.<\/span><\/span><\/p>\n<p>Cada una de nuestras caba\u00f1as cuenta con televisor , ventilador , confortables camarotes y camas , ba\u00f1os y duchas totalmente independiente , zonas verdes , restaurante. piscina y televisi\u00f3n por cable .<\/p>\n<p><b>Nuestra Oferta Comprende:<\/b><\/p>\n<p>1. Restaurante<br \/>\n2. Piscina<br \/>\n3. Recepci\u00f3n<br \/>\n4. Televisi\u00f3n y Aire Climatizado<br \/>\n5. Ba\u00f1o<\/p>\n<p>Para el deleite de nuestros visitantes brindamos los mejores platos t\u00edpicos de la costa pacifica.[\/vc_column_text][\/vc_column][\/vc_row][vc_row][vc_column][vc_gallery type=&#8221;image_grid&#8221; images=&#8221;9613,9612,9611,9610,9609,9608,9607,9606,9605,9604,9603,9602,9601,9600,9599,9598,9597,9596,9595,9594,9593,9592,9591,9590&#8243; img_size=&#8221;220&#215;220&#8243;][\/vc_column][\/vc_row]<\/p>\n","protected":false},"excerpt":{"rendered":"<p>[vc_row][vc_column][vc_column_text] Nuestros\u00a0Servicios. Hotel-Caba\u00f1as Brisas del Pacifico, es un lugar dise\u00f1ado pensando en la comodidad de nuestros hu\u00e9spedes, que llegan a las hermosas playas de ladrilleros con la intenci\u00f3n de disfrutar de lugares paradis\u00edacos propios de nuestra costa pacifica. Las Habitaciones son tipo caba\u00f1a en madera machimbrada brindando un ambiente campestre. Cada una de nuestras caba\u00f1as [&hellip;]<\/p>\n","protected":false},"author":1,"featured_media":0,"parent":0,"menu_order":0,"comment_status":"closed","ping_status":"closed","template":"","meta":{"footnotes":""},"class_list":["post-9491","page","type-page","status-publish","hentry"],"_links":{"self":[{"href":"https:\/\/brisasdelpacificoladrilleros.com\/home\/index.php?rest_route=\/wp\/v2\/pages\/9491","targetHints":{"allow":["GET"]}}],"collection":[{"href":"https:\/\/brisasdelpacificoladrilleros.com\/home\/index.php?rest_route=\/wp\/v2\/pages"}],"about":[{"href":"https:\/\/brisasdelpacificoladrilleros.com\/home\/index.php?rest_route=\/wp\/v2\/types\/page"}],"author":[{"embeddable":true,"href":"https:\/\/brisasdelpacificoladrilleros.com\/home\/index.php?rest_route=\/wp\/v2\/users\/1"}],"replies":[{"embeddable":true,"href":"https:\/\/brisasdelpacificoladrilleros.com\/home\/index.php?rest_route=%2Fwp%2Fv2%2Fcomments&post=9491"}],"version-history":[{"count":6,"href":"https:\/\/brisasdelpacificoladrilleros.com\/home\/index.php?rest_route=\/wp\/v2\/pages\/9491\/revisions"}],"predecessor-version":[{"id":9623,"href":"https:\/\/brisasdelpacificoladrilleros.com\/home\/index.php?rest_route=\/wp\/v2\/pages\/9491\/revisions\/9623"}],"wp:attachment":[{"href":"https:\/\/brisasdelpacificoladrilleros.com\/home\/index.php?rest_route=%2Fwp%2Fv2%2Fmedia&parent=9491"}],"curies":[{"name":"wp","href":"https:\/\/api.w.org\/{rel}","templated":true}]}}